{"id":2,"date":"2026-03-14T12:56:25","date_gmt":"2026-03-14T12:56:25","guid":{"rendered":"http:\/\/warriorpark.re\/?page_id=2"},"modified":"2026-04-21T12:58:52","modified_gmt":"2026-04-21T12:58:52","slug":"salle-de-sport-la-reunion","status":"publish","type":"page","link":"https:\/\/warriorpark.re\/","title":{"rendered":"Accueil"},"content":{"rendered":"<div class=\"et_pb_section_0 et_pb_section et_section_regular et_flex_section\"><\/div>","protected":false},"excerpt":{"rendered":"","protected":false},"author":1,"featured_media":0,"parent":0,"menu_order":0,"comment_status":"closed","ping_status":"open","template":"","meta":{"footnotes":""},"class_list":["post-2","page","type-page","status-publish","hentry"],"yoast_head":"<!-- This site is optimized with the Yoast SEO plugin v27.2 - https:\/\/yoast.com\/product\/yoast-seo-wordpress\/ -->\n<title>Accueil - Warrior Park<\/title>\n<meta name=\"description\" content=\"Une salle de sport moderne \u00e0 La R\u00e9union, pens\u00e9e pour tous les niveaux. Objectifs clairs, coaching efficace et ambiance dynamique.\" \/>\n<meta name=\"robots\" content=\"index, follow, max-snippet:-1, max-image-preview:large, max-video-preview:-1\" \/>\n<link rel=\"canonical\" href=\"https:\/\/warriorpark.re\/\" \/>\n<meta property=\"og:locale\" content=\"fr_FR\" \/>\n<meta property=\"og:type\" content=\"article\" \/>\n<meta property=\"og:title\" content=\"Accueil - Warrior Park\" \/>\n<meta property=\"og:description\" content=\"Une salle de sport moderne \u00e0 La R\u00e9union, pens\u00e9e pour tous les niveaux. Objectifs clairs, coaching efficace et ambiance dynamique.\" \/>\n<meta property=\"og:url\" content=\"https:\/\/warriorpark.re\/\" \/>\n<meta property=\"og:site_name\" content=\"Warrior Park\" \/>\n<meta property=\"article:modified_time\" content=\"2026-04-21T12:58:52+00:00\" \/>\n<meta name=\"twitter:card\" content=\"summary_large_image\" \/>\n<script type=\"application\/ld+json\" class=\"yoast-schema-graph\">{\"@context\":\"https:\/\/schema.org\",\"@graph\":[{\"@type\":\"WebPage\",\"@id\":\"https:\/\/warriorpark.re\/\",\"url\":\"https:\/\/warriorpark.re\/\",\"name\":\"Accueil - Warrior Park\",\"isPartOf\":{\"@id\":\"https:\/\/warriorpark.re\/#website\"},\"datePublished\":\"2026-03-14T12:56:25+00:00\",\"dateModified\":\"2026-04-21T12:58:52+00:00\",\"description\":\"Une salle de sport moderne \u00e0 La R\u00e9union, pens\u00e9e pour tous les niveaux. Objectifs clairs, coaching efficace et ambiance dynamique.\",\"breadcrumb\":{\"@id\":\"https:\/\/warriorpark.re\/#breadcrumb\"},\"inLanguage\":\"fr-FR\",\"potentialAction\":[{\"@type\":\"ReadAction\",\"target\":[\"https:\/\/warriorpark.re\/\"]}]},{\"@type\":\"BreadcrumbList\",\"@id\":\"https:\/\/warriorpark.re\/#breadcrumb\",\"itemListElement\":[{\"@type\":\"ListItem\",\"position\":1,\"name\":\"Accueil\",\"item\":\"https:\/\/warriorpark.re\/\"},{\"@type\":\"ListItem\",\"position\":2,\"name\":\"Accueil\"}]},{\"@type\":\"WebSite\",\"@id\":\"https:\/\/warriorpark.re\/#website\",\"url\":\"https:\/\/warriorpark.re\/\",\"name\":\"Warrior Park\",\"description\":\"Stay Fierce\",\"potentialAction\":[{\"@type\":\"SearchAction\",\"target\":{\"@type\":\"EntryPoint\",\"urlTemplate\":\"https:\/\/warriorpark.re\/?s={search_term_string}\"},\"query-input\":{\"@type\":\"PropertyValueSpecification\",\"valueRequired\":true,\"valueName\":\"search_term_string\"}}],\"inLanguage\":\"fr-FR\"}]}<\/script>\n<!-- \/ Yoast SEO plugin. -->","yoast_head_json":{"title":"Accueil - Warrior Park","description":"Une salle de sport moderne \u00e0 La R\u00e9union, pens\u00e9e pour tous les niveaux. Objectifs clairs, coaching efficace et ambiance dynamique.","robots":{"index":"index","follow":"follow","max-snippet":"max-snippet:-1","max-image-preview":"max-image-preview:large","max-video-preview":"max-video-preview:-1"},"canonical":"https:\/\/warriorpark.re\/","og_locale":"fr_FR","og_type":"article","og_title":"Accueil - Warrior Park","og_description":"Une salle de sport moderne \u00e0 La R\u00e9union, pens\u00e9e pour tous les niveaux. Objectifs clairs, coaching efficace et ambiance dynamique.","og_url":"https:\/\/warriorpark.re\/","og_site_name":"Warrior Park","article_modified_time":"2026-04-21T12:58:52+00:00","twitter_card":"summary_large_image","schema":{"@context":"https:\/\/schema.org","@graph":[{"@type":"WebPage","@id":"https:\/\/warriorpark.re\/","url":"https:\/\/warriorpark.re\/","name":"Accueil - Warrior Park","isPartOf":{"@id":"https:\/\/warriorpark.re\/#website"},"datePublished":"2026-03-14T12:56:25+00:00","dateModified":"2026-04-21T12:58:52+00:00","description":"Une salle de sport moderne \u00e0 La R\u00e9union, pens\u00e9e pour tous les niveaux. Objectifs clairs, coaching efficace et ambiance dynamique.","breadcrumb":{"@id":"https:\/\/warriorpark.re\/#breadcrumb"},"inLanguage":"fr-FR","potentialAction":[{"@type":"ReadAction","target":["https:\/\/warriorpark.re\/"]}]},{"@type":"BreadcrumbList","@id":"https:\/\/warriorpark.re\/#breadcrumb","itemListElement":[{"@type":"ListItem","position":1,"name":"Accueil","item":"https:\/\/warriorpark.re\/"},{"@type":"ListItem","position":2,"name":"Accueil"}]},{"@type":"WebSite","@id":"https:\/\/warriorpark.re\/#website","url":"https:\/\/warriorpark.re\/","name":"Warrior Park","description":"Stay Fierce","potentialAction":[{"@type":"SearchAction","target":{"@type":"EntryPoint","urlTemplate":"https:\/\/warriorpark.re\/?s={search_term_string}"},"query-input":{"@type":"PropertyValueSpecification","valueRequired":true,"valueName":"search_term_string"}}],"inLanguage":"fr-FR"}]}},"jetpack_sharing_enabled":true,"_links":{"self":[{"href":"https:\/\/warriorpark.re\/index.php\/wp-json\/wp\/v2\/pages\/2","targetHints":{"allow":["GET"]}}],"collection":[{"href":"https:\/\/warriorpark.re\/index.php\/wp-json\/wp\/v2\/pages"}],"about":[{"href":"https:\/\/warriorpark.re\/index.php\/wp-json\/wp\/v2\/types\/page"}],"author":[{"embeddable":true,"href":"https:\/\/warriorpark.re\/index.php\/wp-json\/wp\/v2\/users\/1"}],"replies":[{"embeddable":true,"href":"https:\/\/warriorpark.re\/index.php\/wp-json\/wp\/v2\/comments?post=2"}],"version-history":[{"count":3,"href":"https:\/\/warriorpark.re\/index.php\/wp-json\/wp\/v2\/pages\/2\/revisions"}],"predecessor-version":[{"id":987505359,"href":"https:\/\/warriorpark.re\/index.php\/wp-json\/wp\/v2\/pages\/2\/revisions\/987505359"}],"wp:attachment":[{"href":"https:\/\/warriorpark.re\/index.php\/wp-json\/wp\/v2\/media?parent=2"}],"curies":[{"name":"wp","href":"https:\/\/api.w.org\/{rel}","templated":true}]}}