{"id":987505567,"date":"2026-03-23T05:15:19","date_gmt":"2026-03-23T05:15:19","guid":{"rendered":"https:\/\/warriorpark.re\/?post_type=product&#038;p=987505567"},"modified":"2026-03-25T13:08:26","modified_gmt":"2026-03-25T13:08:26","slug":"brassiere","status":"publish","type":"product","link":"https:\/\/warriorpark.re\/index.php\/produit\/brassiere\/","title":{"rendered":"Brassi\u00e8re"},"content":{"rendered":"<p>There are many variations of passages of Lorem Ipsum available, but the majority have suffered alteration in some form, by injected humour, or randomised words which don&rsquo;t look even slightly believable. If you are going to use a passage of Lorem Ipsum, you need to be sure there isn&rsquo;t anything embarrassing hidden in the middle of text. All the Lorem Ipsum generators on the Internet tend to repeat predefined chunks as necessary, making this the first true generator on the Internet. \u00a0It was popularised in the 1960s with the release of Letraset sheets containing Lorem Ipsum passages, and more recently with desktop publishing software like Aldus PageMaker including versions of Lorem Ipsum.<\/p>\n","protected":false},"excerpt":{"rendered":"<p>Sed ut perspiciatis unde omnis iste natus error sit voluptatem accusantium doloremque laudantium, totam rem aperiam, eaque ipsa quae ab illo inventore veritatis et quasi architecto beatae vitae dicta sunt explicabo. Nemo enim ipsam voluptatem quia voluptas sit aspernatur aut odit aut fugit, sed quia consequuntur magni dolores eos qui ratione voluptatem sequi nesciunt.<\/p>\n","protected":false},"featured_media":987505566,"comment_status":"open","ping_status":"closed","template":"","meta":[],"product_brand":[],"product_cat":[22,21],"product_tag":[],"class_list":{"0":"post-987505567","1":"product","2":"type-product","3":"status-publish","4":"has-post-thumbnail","6":"product_cat-brassieres-femmes","7":"product_cat-categorie-femme","9":"first","10":"instock","11":"sale","12":"featured","13":"taxable","14":"shipping-taxable","15":"purchasable","16":"product-type-variable"},"yoast_head":"<!-- This site is optimized with the Yoast SEO plugin v27.2 - https:\/\/yoast.com\/product\/yoast-seo-wordpress\/ -->\n<title>Brassi\u00e8re - Warrior Park<\/title>\n<meta name=\"robots\" content=\"index, follow, max-snippet:-1, max-image-preview:large, max-video-preview:-1\" \/>\n<link rel=\"canonical\" href=\"https:\/\/warriorpark.re\/index.php\/produit\/brassiere\/\" \/>\n<meta property=\"og:locale\" content=\"fr_FR\" \/>\n<meta property=\"og:type\" content=\"article\" \/>\n<meta property=\"og:title\" content=\"Brassi\u00e8re - Warrior Park\" \/>\n<meta property=\"og:description\" content=\"Sed ut perspiciatis unde omnis iste natus error sit voluptatem accusantium doloremque laudantium, totam rem aperiam, eaque ipsa quae ab illo inventore veritatis et quasi architecto beatae vitae dicta sunt explicabo. Nemo enim ipsam voluptatem quia voluptas sit aspernatur aut odit aut fugit, sed quia consequuntur magni dolores eos qui ratione voluptatem sequi nesciunt.\" \/>\n<meta property=\"og:url\" content=\"https:\/\/warriorpark.re\/index.php\/produit\/brassiere\/\" \/>\n<meta property=\"og:site_name\" content=\"Warrior Park\" \/>\n<meta property=\"article:modified_time\" content=\"2026-03-25T13:08:26+00:00\" \/>\n<meta property=\"og:image\" content=\"https:\/\/warriorpark.re\/wp-content\/uploads\/2026\/03\/Modele-brassiere-9.webp\" \/>\n\t<meta property=\"og:image:width\" content=\"1920\" \/>\n\t<meta property=\"og:image:height\" content=\"1280\" \/>\n\t<meta property=\"og:image:type\" content=\"image\/webp\" \/>\n<meta name=\"twitter:card\" content=\"summary_large_image\" \/>\n<meta name=\"twitter:label1\" content=\"Dur\u00e9e de lecture estim\u00e9e\" \/>\n\t<meta name=\"twitter:data1\" content=\"1 minute\" \/>\n<script type=\"application\/ld+json\" class=\"yoast-schema-graph\">{\"@context\":\"https:\/\/schema.org\",\"@graph\":[{\"@type\":\"WebPage\",\"@id\":\"https:\/\/warriorpark.re\/index.php\/produit\/brassiere\/\",\"url\":\"https:\/\/warriorpark.re\/index.php\/produit\/brassiere\/\",\"name\":\"Brassi\u00e8re - Warrior Park\",\"isPartOf\":{\"@id\":\"https:\/\/warriorpark.re\/#website\"},\"primaryImageOfPage\":{\"@id\":\"https:\/\/warriorpark.re\/index.php\/produit\/brassiere\/#primaryimage\"},\"image\":{\"@id\":\"https:\/\/warriorpark.re\/index.php\/produit\/brassiere\/#primaryimage\"},\"thumbnailUrl\":\"https:\/\/i0.wp.com\/warriorpark.re\/wp-content\/uploads\/2026\/03\/Modele-brassiere-9.webp?fit=1920%2C1280&ssl=1\",\"datePublished\":\"2026-03-23T05:15:19+00:00\",\"dateModified\":\"2026-03-25T13:08:26+00:00\",\"breadcrumb\":{\"@id\":\"https:\/\/warriorpark.re\/index.php\/produit\/brassiere\/#breadcrumb\"},\"inLanguage\":\"fr-FR\",\"potentialAction\":[{\"@type\":\"ReadAction\",\"target\":[\"https:\/\/warriorpark.re\/index.php\/produit\/brassiere\/\"]}]},{\"@type\":\"ImageObject\",\"inLanguage\":\"fr-FR\",\"@id\":\"https:\/\/warriorpark.re\/index.php\/produit\/brassiere\/#primaryimage\",\"url\":\"https:\/\/i0.wp.com\/warriorpark.re\/wp-content\/uploads\/2026\/03\/Modele-brassiere-9.webp?fit=1920%2C1280&ssl=1\",\"contentUrl\":\"https:\/\/i0.wp.com\/warriorpark.re\/wp-content\/uploads\/2026\/03\/Modele-brassiere-9.webp?fit=1920%2C1280&ssl=1\",\"width\":1920,\"height\":1280,\"caption\":\"Brassi\u00e8re confortable en tissu doux, pr\u00e9sent\u00e9e sur fond neutre.\"},{\"@type\":\"BreadcrumbList\",\"@id\":\"https:\/\/warriorpark.re\/index.php\/produit\/brassiere\/#breadcrumb\",\"itemListElement\":[{\"@type\":\"ListItem\",\"position\":1,\"name\":\"Accueil\",\"item\":\"https:\/\/warriorpark.re\/\"},{\"@type\":\"ListItem\",\"position\":2,\"name\":\"Boutique\",\"item\":\"https:\/\/warriorpark.re\/index.php\/boutique\/\"},{\"@type\":\"ListItem\",\"position\":3,\"name\":\"Femme\",\"item\":\"https:\/\/warriorpark.re\/index.php\/categorie-produit\/categorie-femme\/\"},{\"@type\":\"ListItem\",\"position\":4,\"name\":\"Brassi\u00e8res\",\"item\":\"https:\/\/warriorpark.re\/index.php\/categorie-produit\/categorie-femme\/brassieres-femmes\/\"},{\"@type\":\"ListItem\",\"position\":5,\"name\":\"Brassi\u00e8re\"}]},{\"@type\":\"WebSite\",\"@id\":\"https:\/\/warriorpark.re\/#website\",\"url\":\"https:\/\/warriorpark.re\/\",\"name\":\"Warrior Park\",\"description\":\"Stay Fierce\",\"potentialAction\":[{\"@type\":\"SearchAction\",\"target\":{\"@type\":\"EntryPoint\",\"urlTemplate\":\"https:\/\/warriorpark.re\/?s={search_term_string}\"},\"query-input\":{\"@type\":\"PropertyValueSpecification\",\"valueRequired\":true,\"valueName\":\"search_term_string\"}}],\"inLanguage\":\"fr-FR\"}]}<\/script>\n<!-- \/ Yoast SEO plugin. -->","yoast_head_json":{"title":"Brassi\u00e8re - Warrior Park","robots":{"index":"index","follow":"follow","max-snippet":"max-snippet:-1","max-image-preview":"max-image-preview:large","max-video-preview":"max-video-preview:-1"},"canonical":"https:\/\/warriorpark.re\/index.php\/produit\/brassiere\/","og_locale":"fr_FR","og_type":"article","og_title":"Brassi\u00e8re - Warrior Park","og_description":"Sed ut perspiciatis unde omnis iste natus error sit voluptatem accusantium doloremque laudantium, totam rem aperiam, eaque ipsa quae ab illo inventore veritatis et quasi architecto beatae vitae dicta sunt explicabo. Nemo enim ipsam voluptatem quia voluptas sit aspernatur aut odit aut fugit, sed quia consequuntur magni dolores eos qui ratione voluptatem sequi nesciunt.","og_url":"https:\/\/warriorpark.re\/index.php\/produit\/brassiere\/","og_site_name":"Warrior Park","article_modified_time":"2026-03-25T13:08:26+00:00","og_image":[{"width":1920,"height":1280,"url":"https:\/\/warriorpark.re\/wp-content\/uploads\/2026\/03\/Modele-brassiere-9.webp","type":"image\/webp"}],"twitter_card":"summary_large_image","twitter_misc":{"Dur\u00e9e de lecture estim\u00e9e":"1 minute"},"schema":{"@context":"https:\/\/schema.org","@graph":[{"@type":"WebPage","@id":"https:\/\/warriorpark.re\/index.php\/produit\/brassiere\/","url":"https:\/\/warriorpark.re\/index.php\/produit\/brassiere\/","name":"Brassi\u00e8re - Warrior Park","isPartOf":{"@id":"https:\/\/warriorpark.re\/#website"},"primaryImageOfPage":{"@id":"https:\/\/warriorpark.re\/index.php\/produit\/brassiere\/#primaryimage"},"image":{"@id":"https:\/\/warriorpark.re\/index.php\/produit\/brassiere\/#primaryimage"},"thumbnailUrl":"https:\/\/i0.wp.com\/warriorpark.re\/wp-content\/uploads\/2026\/03\/Modele-brassiere-9.webp?fit=1920%2C1280&ssl=1","datePublished":"2026-03-23T05:15:19+00:00","dateModified":"2026-03-25T13:08:26+00:00","breadcrumb":{"@id":"https:\/\/warriorpark.re\/index.php\/produit\/brassiere\/#breadcrumb"},"inLanguage":"fr-FR","potentialAction":[{"@type":"ReadAction","target":["https:\/\/warriorpark.re\/index.php\/produit\/brassiere\/"]}]},{"@type":"ImageObject","inLanguage":"fr-FR","@id":"https:\/\/warriorpark.re\/index.php\/produit\/brassiere\/#primaryimage","url":"https:\/\/i0.wp.com\/warriorpark.re\/wp-content\/uploads\/2026\/03\/Modele-brassiere-9.webp?fit=1920%2C1280&ssl=1","contentUrl":"https:\/\/i0.wp.com\/warriorpark.re\/wp-content\/uploads\/2026\/03\/Modele-brassiere-9.webp?fit=1920%2C1280&ssl=1","width":1920,"height":1280,"caption":"Brassi\u00e8re confortable en tissu doux, pr\u00e9sent\u00e9e sur fond neutre."},{"@type":"BreadcrumbList","@id":"https:\/\/warriorpark.re\/index.php\/produit\/brassiere\/#breadcrumb","itemListElement":[{"@type":"ListItem","position":1,"name":"Accueil","item":"https:\/\/warriorpark.re\/"},{"@type":"ListItem","position":2,"name":"Boutique","item":"https:\/\/warriorpark.re\/index.php\/boutique\/"},{"@type":"ListItem","position":3,"name":"Femme","item":"https:\/\/warriorpark.re\/index.php\/categorie-produit\/categorie-femme\/"},{"@type":"ListItem","position":4,"name":"Brassi\u00e8res","item":"https:\/\/warriorpark.re\/index.php\/categorie-produit\/categorie-femme\/brassieres-femmes\/"},{"@type":"ListItem","position":5,"name":"Brassi\u00e8re"}]},{"@type":"WebSite","@id":"https:\/\/warriorpark.re\/#website","url":"https:\/\/warriorpark.re\/","name":"Warrior Park","description":"Stay Fierce","potentialAction":[{"@type":"SearchAction","target":{"@type":"EntryPoint","urlTemplate":"https:\/\/warriorpark.re\/?s={search_term_string}"},"query-input":{"@type":"PropertyValueSpecification","valueRequired":true,"valueName":"search_term_string"}}],"inLanguage":"fr-FR"}]}},"jetpack_sharing_enabled":true,"_links":{"self":[{"href":"https:\/\/warriorpark.re\/index.php\/wp-json\/wp\/v2\/product\/987505567","targetHints":{"allow":["GET"]}}],"collection":[{"href":"https:\/\/warriorpark.re\/index.php\/wp-json\/wp\/v2\/product"}],"about":[{"href":"https:\/\/warriorpark.re\/index.php\/wp-json\/wp\/v2\/types\/product"}],"replies":[{"embeddable":true,"href":"https:\/\/warriorpark.re\/index.php\/wp-json\/wp\/v2\/comments?post=987505567"}],"wp:featuredmedia":[{"embeddable":true,"href":"https:\/\/warriorpark.re\/index.php\/wp-json\/wp\/v2\/media\/987505566"}],"wp:attachment":[{"href":"https:\/\/warriorpark.re\/index.php\/wp-json\/wp\/v2\/media?parent=987505567"}],"wp:term":[{"taxonomy":"product_brand","embeddable":true,"href":"https:\/\/warriorpark.re\/index.php\/wp-json\/wp\/v2\/product_brand?post=987505567"},{"taxonomy":"product_cat","embeddable":true,"href":"https:\/\/warriorpark.re\/index.php\/wp-json\/wp\/v2\/product_cat?post=987505567"},{"taxonomy":"product_tag","embeddable":true,"href":"https:\/\/warriorpark.re\/index.php\/wp-json\/wp\/v2\/product_tag?post=987505567"}],"curies":[{"name":"wp","href":"https:\/\/api.w.org\/{rel}","templated":true}]}}